{"id":450,"date":"2021-09-27T19:08:55","date_gmt":"2021-09-27T17:08:55","guid":{"rendered":"https:\/\/www.jaumeulled.com\/biografia-actor\/"},"modified":"2022-02-18T10:12:00","modified_gmt":"2022-02-18T09:12:00","slug":"biografia-actor","status":"publish","type":"page","link":"https:\/\/www.jaumeulled.com\/ca\/biografia-actor\/","title":{"rendered":"Bio"},"content":{"rendered":"\t\t<div data-elementor-type=\"wp-page\" data-elementor-id=\"450\" class=\"elementor elementor-450\" data-elementor-post-type=\"page\">\n\t\t\t\t\t\t<section class=\"elementor-section elementor-top-section elementor-element elementor-element-b3d835a elementor-section-content-middle elementor-section-full_width elementor-section-height-default elementor-section-height-default\" data-id=\"b3d835a\" data-element_type=\"section\" data-settings=\"{&quot;background_background&quot;:&quot;classic&quot;}\">\n\t\t\t\t\t\t<div class=\"elementor-container elementor-column-gap-default\">\n\t\t\t\t\t<div class=\"elementor-column elementor-col-50 elementor-top-column elementor-element elementor-element-d757e7f\" data-id=\"d757e7f\" data-element_type=\"column\">\n\t\t\t<div class=\"elementor-widget-wrap elementor-element-populated\">\n\t\t\t\t\t\t<div class=\"elementor-element elementor-element-76cdb82 elementor-widget elementor-widget-text-editor\" data-id=\"76cdb82\" data-element_type=\"widget\" data-widget_type=\"text-editor.default\">\n\t\t\t\t\t\t\t\t\t<p>Llicenciat en Interpretaci\u00f3 (teatre de text) per l\u2019Institut del Teatre de Barcelona. Completa la seva formaci\u00f3 amb Pablo Messiez, Llu\u00eds Homar, Javier Daulte, Esteve Rovira, Zygmund Molik i Xavier Sabata, entre altres.<\/p><p>Dins del sector audiovisual ha treballat en produccions de cinema i televisi\u00f3 com la pel.l\u00edcula <em>El Cerro de los Dioses<\/em>, amb participaci\u00f3 del Festival de cinema fant\u00e0stic de Sitges i guanyadora de diferents premis de festivals internacionals, les s\u00e8ries <em>Comtes<\/em> i <em>Ermessenda<\/em> per TV3, <em>Amar es para siempre<\/em>, interpretant un dels personatges principals i curtmetratges com <em>Yo tambi\u00e9n<\/em> o <em>Sector Norte<\/em>, entre altres.<\/p><p>En teatre hem pogut veure\u2019l en nombroses produccions a Barcelona i Madrid. Entre les principals destaquen <em>Els Subornats<\/em>, a la Sala Beckett, <em>El Llarg dinar de Nadal<\/em> (obra guanyadora del Premi Butaca 2015 al millor espectacle de petit format), <em>C\u00fabit<\/em>, de Josep Maria Mir\u00f3, <em>El principi d\u2019Arquimedes<\/em>, al Teatro de la Abad\u00eda, i <em>Els nois d\u2019hist\u00f2ria<\/em> i <em>Su seguro servidor, Orson Welles<\/em>, al Teatre Goya i Romea respectivament. Entre altres, ha treballat amb directors i directores com Josep Maria Pou, Isabel Coixet, Lurdes Barba, Xavier Albert\u00ed, Carles Canut, Josep Maria Mir\u00f3 i Aleix Aguil\u00e0.<\/p><p>Tamb\u00e9 ha treballat com a doblador, presentador d\u2019actes i events en teatres i auditoris i presentador de cursos online.<\/p><p>Va ser guardonat l\u2019any 2017 com a \u201cMillor actor promesa\u201d al Festival de cinema fant\u00e0stic de Sitges.<\/p><p>T\u00e9 un nivel alt (C1) d\u2019angl\u00e8s i franc\u00e8s i formaci\u00f3 en cant i ball.<\/p>\t\t\t\t\t\t\t\t<\/div>\n\t\t\t\t\t<\/div>\n\t\t<\/div>\n\t\t\t\t<div class=\"elementor-column elementor-col-50 elementor-top-column elementor-element elementor-element-8132bcc\" data-id=\"8132bcc\" data-element_type=\"column\" data-settings=\"{&quot;background_background&quot;:&quot;classic&quot;}\">\n\t\t\t<div class=\"elementor-widget-wrap elementor-element-populated\">\n\t\t\t\t\t<div class=\"elementor-background-overlay\"><\/div>\n\t\t\t\t\t\t<div class=\"elementor-element elementor-element-11c5fb1 elementor-widget elementor-widget-spacer\" data-id=\"11c5fb1\" data-element_type=\"widget\" data-widget_type=\"spacer.default\">\n\t\t\t\t\t\t\t<div class=\"elementor-spacer\">\n\t\t\t<div class=\"elementor-spacer-inner\"><\/div>\n\t\t<\/div>\n\t\t\t\t\t\t<\/div>\n\t\t\t\t\t<\/div>\n\t\t<\/div>\n\t\t\t\t\t<\/div>\n\t\t<\/section>\n\t\t\t\t<\/div>\n\t\t","protected":false},"excerpt":{"rendered":"<p>Llicenciat en Interpretaci\u00f3 (teatre de text) per l\u2019Institut del Teatre de Barcelona. Completa la seva formaci\u00f3 amb Pablo Messiez, Llu\u00eds Homar, Javier Daulte, Esteve Rovira, Zygmund Molik i Xavier Sabata, entre altres. Dins del sector audiovisual ha treballat en produccions de cinema i televisi\u00f3 com la pel.l\u00edcula El Cerro de los Dioses, amb participaci\u00f3 del [&hellip;]<\/p>\n","protected":false},"author":3,"featured_media":0,"parent":0,"menu_order":0,"comment_status":"closed","ping_status":"closed","template":"elementor_header_footer","meta":{"footnotes":""},"class_list":["post-450","page","type-page","status-publish","hentry"],"yoast_head":"<!-- This site is optimized with the Yoast SEO plugin v27.6 - https:\/\/yoast.com\/product\/yoast-seo-wordpress\/ -->\n<title>Jaume Ulled | Biografia de l&#039;actor<\/title>\n<meta name=\"description\" content=\"Dins del sector audiovisual ha treballat en produccions de cinema i televisi\u00f3 com la pel.l\u00edcula &quot;El Cerro de los Dioses&quot;.\" \/>\n<meta name=\"robots\" content=\"index, follow, max-snippet:-1, max-image-preview:large, max-video-preview:-1\" \/>\n<link rel=\"canonical\" href=\"https:\/\/www.jaumeulled.com\/ca\/biografia-actor\/\" \/>\n<meta property=\"og:locale\" content=\"ca_ES\" \/>\n<meta property=\"og:type\" content=\"article\" \/>\n<meta property=\"og:title\" content=\"Jaume Ulled | Biografia de l&#039;actor\" \/>\n<meta property=\"og:description\" content=\"Dins del sector audiovisual ha treballat en produccions de cinema i televisi\u00f3 com la pel.l\u00edcula &quot;El Cerro de los Dioses&quot;.\" \/>\n<meta property=\"og:url\" content=\"https:\/\/www.jaumeulled.com\/ca\/biografia-actor\/\" \/>\n<meta property=\"og:site_name\" content=\"Jaume Ulled\" \/>\n<meta property=\"article:modified_time\" content=\"2022-02-18T09:12:00+00:00\" \/>\n<meta name=\"twitter:card\" content=\"summary_large_image\" \/>\n<meta name=\"twitter:label1\" content=\"Temps estimat de lectura\" \/>\n\t<meta name=\"twitter:data1\" content=\"2 minuts\" \/>\n<script type=\"application\/ld+json\" class=\"yoast-schema-graph\">{\"@context\":\"https:\\\/\\\/schema.org\",\"@graph\":[{\"@type\":\"WebPage\",\"@id\":\"https:\\\/\\\/www.jaumeulled.com\\\/ca\\\/biografia-actor\\\/\",\"url\":\"https:\\\/\\\/www.jaumeulled.com\\\/ca\\\/biografia-actor\\\/\",\"name\":\"Jaume Ulled | Biografia de l'actor\",\"isPartOf\":{\"@id\":\"https:\\\/\\\/www.jaumeulled.com\\\/#website\"},\"datePublished\":\"2021-09-27T17:08:55+00:00\",\"dateModified\":\"2022-02-18T09:12:00+00:00\",\"description\":\"Dins del sector audiovisual ha treballat en produccions de cinema i televisi\u00f3 com la pel.l\u00edcula \\\"El Cerro de los Dioses\\\".\",\"breadcrumb\":{\"@id\":\"https:\\\/\\\/www.jaumeulled.com\\\/ca\\\/biografia-actor\\\/#breadcrumb\"},\"inLanguage\":\"ca\",\"potentialAction\":[{\"@type\":\"ReadAction\",\"target\":[\"https:\\\/\\\/www.jaumeulled.com\\\/ca\\\/biografia-actor\\\/\"]}]},{\"@type\":\"BreadcrumbList\",\"@id\":\"https:\\\/\\\/www.jaumeulled.com\\\/ca\\\/biografia-actor\\\/#breadcrumb\",\"itemListElement\":[{\"@type\":\"ListItem\",\"position\":1,\"name\":\"Home\",\"item\":\"https:\\\/\\\/www.jaumeulled.com\\\/ca\\\/\"},{\"@type\":\"ListItem\",\"position\":2,\"name\":\"Bio\"}]},{\"@type\":\"WebSite\",\"@id\":\"https:\\\/\\\/www.jaumeulled.com\\\/#website\",\"url\":\"https:\\\/\\\/www.jaumeulled.com\\\/\",\"name\":\"Jaume Ulled\",\"description\":\"Actor de teatro, cine y televisi\u00f3n\",\"potentialAction\":[{\"@type\":\"SearchAction\",\"target\":{\"@type\":\"EntryPoint\",\"urlTemplate\":\"https:\\\/\\\/www.jaumeulled.com\\\/?s={search_term_string}\"},\"query-input\":{\"@type\":\"PropertyValueSpecification\",\"valueRequired\":true,\"valueName\":\"search_term_string\"}}],\"inLanguage\":\"ca\"}]}<\/script>\n<!-- \/ Yoast SEO plugin. -->","yoast_head_json":{"title":"Jaume Ulled | Biografia de l'actor","description":"Dins del sector audiovisual ha treballat en produccions de cinema i televisi\u00f3 com la pel.l\u00edcula \"El Cerro de los Dioses\".","robots":{"index":"index","follow":"follow","max-snippet":"max-snippet:-1","max-image-preview":"max-image-preview:large","max-video-preview":"max-video-preview:-1"},"canonical":"https:\/\/www.jaumeulled.com\/ca\/biografia-actor\/","og_locale":"ca_ES","og_type":"article","og_title":"Jaume Ulled | Biografia de l'actor","og_description":"Dins del sector audiovisual ha treballat en produccions de cinema i televisi\u00f3 com la pel.l\u00edcula \"El Cerro de los Dioses\".","og_url":"https:\/\/www.jaumeulled.com\/ca\/biografia-actor\/","og_site_name":"Jaume Ulled","article_modified_time":"2022-02-18T09:12:00+00:00","twitter_card":"summary_large_image","twitter_misc":{"Temps estimat de lectura":"2 minuts"},"schema":{"@context":"https:\/\/schema.org","@graph":[{"@type":"WebPage","@id":"https:\/\/www.jaumeulled.com\/ca\/biografia-actor\/","url":"https:\/\/www.jaumeulled.com\/ca\/biografia-actor\/","name":"Jaume Ulled | Biografia de l'actor","isPartOf":{"@id":"https:\/\/www.jaumeulled.com\/#website"},"datePublished":"2021-09-27T17:08:55+00:00","dateModified":"2022-02-18T09:12:00+00:00","description":"Dins del sector audiovisual ha treballat en produccions de cinema i televisi\u00f3 com la pel.l\u00edcula \"El Cerro de los Dioses\".","breadcrumb":{"@id":"https:\/\/www.jaumeulled.com\/ca\/biografia-actor\/#breadcrumb"},"inLanguage":"ca","potentialAction":[{"@type":"ReadAction","target":["https:\/\/www.jaumeulled.com\/ca\/biografia-actor\/"]}]},{"@type":"BreadcrumbList","@id":"https:\/\/www.jaumeulled.com\/ca\/biografia-actor\/#breadcrumb","itemListElement":[{"@type":"ListItem","position":1,"name":"Home","item":"https:\/\/www.jaumeulled.com\/ca\/"},{"@type":"ListItem","position":2,"name":"Bio"}]},{"@type":"WebSite","@id":"https:\/\/www.jaumeulled.com\/#website","url":"https:\/\/www.jaumeulled.com\/","name":"Jaume Ulled","description":"Actor de teatro, cine y televisi\u00f3n","potentialAction":[{"@type":"SearchAction","target":{"@type":"EntryPoint","urlTemplate":"https:\/\/www.jaumeulled.com\/?s={search_term_string}"},"query-input":{"@type":"PropertyValueSpecification","valueRequired":true,"valueName":"search_term_string"}}],"inLanguage":"ca"}]}},"_links":{"self":[{"href":"https:\/\/www.jaumeulled.com\/ca\/wp-json\/wp\/v2\/pages\/450","targetHints":{"allow":["GET"]}}],"collection":[{"href":"https:\/\/www.jaumeulled.com\/ca\/wp-json\/wp\/v2\/pages"}],"about":[{"href":"https:\/\/www.jaumeulled.com\/ca\/wp-json\/wp\/v2\/types\/page"}],"author":[{"embeddable":true,"href":"https:\/\/www.jaumeulled.com\/ca\/wp-json\/wp\/v2\/users\/3"}],"replies":[{"embeddable":true,"href":"https:\/\/www.jaumeulled.com\/ca\/wp-json\/wp\/v2\/comments?post=450"}],"version-history":[{"count":13,"href":"https:\/\/www.jaumeulled.com\/ca\/wp-json\/wp\/v2\/pages\/450\/revisions"}],"predecessor-version":[{"id":951,"href":"https:\/\/www.jaumeulled.com\/ca\/wp-json\/wp\/v2\/pages\/450\/revisions\/951"}],"wp:attachment":[{"href":"https:\/\/www.jaumeulled.com\/ca\/wp-json\/wp\/v2\/media?parent=450"}],"curies":[{"name":"wp","href":"https:\/\/api.w.org\/{rel}","templated":true}]}}